{"id":11,"date":"2024-02-13T08:58:00","date_gmt":"2024-02-13T07:58:00","guid":{"rendered":"https:\/\/rvoirol.synology.me\/wordpress\/?page_id=11"},"modified":"2024-02-13T09:49:39","modified_gmt":"2024-02-13T08:49:39","slug":"et-lanvenir","status":"publish","type":"page","link":"https:\/\/rvoirol.synology.me\/wordpress\/et-lanvenir\/","title":{"rendered":"Et l&rsquo;anvenir ?"},"content":{"rendered":"\n<p><\/p>\n\n\n\n<div class=\"wp-block-columns has-small-font-size is-layout-flex wp-container-core-columns-is-layout-53642b31 wp-block-columns-is-layout-flex\" style=\"padding-top:0;padding-right:0;padding-bottom:0;padding-left:0\">\n<div class=\"wp-block-column is-layout-flow wp-block-column-is-layout-flow\">\n<p>L&rsquo;Amicale de p\u00e9tanque Morrens, est comme toutes les soci\u00e9t\u00e9s locales en souffrance par manque d&rsquo;effectifs.<\/p>\n\n\n\n<p><\/p>\n\n\n\n<p>Difficile en 2022 de mobiliser les gens. Les activit\u00e9s b\u00e9n\u00e9voles n&rsquo;ont plus la cote. La soci\u00e9t\u00e9 \u00e9volue, les occasions de s&rsquo;amuser sont tr\u00e8s nombreuses, et beaucoup pr\u00e9f\u00e8rent ne pas s&rsquo;engager dans des activit\u00e9s b\u00e9n\u00e9voles.<\/p>\n\n\n\n<p>\u200b<\/p>\n\n\n\n<p><strong>Nous aimons penser que malgr\u00e9 tout il reste des personnes qui ont envies de garder Morrens vivant.<\/strong><\/p>\n\n\n\n<p><strong>\u200b<\/strong><\/p>\n\n\n\n<p>\u00catre plus qu&rsquo;un contribuable anonyme, se sentir habitant de la communaut\u00e9 villageoise, c&rsquo;est ce que permet l&rsquo;engagement au sein d&rsquo;une soci\u00e9t\u00e9 locale.<\/p>\n\n\n\n<p>Rejoindre l&rsquo;amicale de p\u00e9tanque c&rsquo;est participer un peu \u00e0 la vie villageoise avec l&rsquo;assurance de s&rsquo;amuser.<\/p>\n\n\n\n<p>\u200b<\/p>\n\n\n\n<p>On vous attend.<\/p>\n\n\n\n<p><em>Pour ne pas devenir une cit\u00e9 dortoir.<\/em><\/p>\n<\/div>\n\n\n\n<div class=\"wp-block-column is-layout-flow wp-block-column-is-layout-flow\">\n<figure class=\"wp-block-image size-full is-resized\"><img loading=\"lazy\" decoding=\"async\" src=\"https:\/\/rvoirol.synology.me\/wordpress\/wp-content\/uploads\/2024\/02\/petanque-game-picture-id1166378284.webp\" alt=\"\" class=\"wp-image-31\" width=\"286\" height=\"548\" srcset=\"https:\/\/rvoirol.synology.me\/wordpress\/wp-content\/uploads\/2024\/02\/petanque-game-picture-id1166378284.webp 256w, https:\/\/rvoirol.synology.me\/wordpress\/wp-content\/uploads\/2024\/02\/petanque-game-picture-id1166378284-157x300.webp 157w\" sizes=\"auto, (max-width: 286px) 100vw, 286px\" \/><\/figure>\n<\/div>\n<\/div>\n","protected":false},"excerpt":{"rendered":"<p>L&rsquo;Amicale de p\u00e9tanque Morrens, est comme toutes les soci\u00e9t\u00e9s locales en souffrance par manque d&rsquo;effectifs. Difficile en 2022 de mobiliser les gens. Les activit\u00e9s b\u00e9n\u00e9voles n&rsquo;ont plus la cote. La soci\u00e9t\u00e9 \u00e9volue, les occasions de s&rsquo;amuser sont tr\u00e8s nombreuses, et beaucoup pr\u00e9f\u00e8rent ne pas s&rsquo;engager dans des activit\u00e9s b\u00e9n\u00e9voles. \u200b Nous aimons penser que malgr\u00e9 [&hellip;]<\/p>\n","protected":false},"author":1,"featured_media":0,"parent":0,"menu_order":0,"comment_status":"closed","ping_status":"closed","template":"","meta":{"hide_page_title":"","footnotes":""},"class_list":["post-11","page","type-page","status-publish","hentry"],"_links":{"self":[{"href":"https:\/\/rvoirol.synology.me\/wordpress\/wp-json\/wp\/v2\/pages\/11","targetHints":{"allow":["GET"]}}],"collection":[{"href":"https:\/\/rvoirol.synology.me\/wordpress\/wp-json\/wp\/v2\/pages"}],"about":[{"href":"https:\/\/rvoirol.synology.me\/wordpress\/wp-json\/wp\/v2\/types\/page"}],"author":[{"embeddable":true,"href":"https:\/\/rvoirol.synology.me\/wordpress\/wp-json\/wp\/v2\/users\/1"}],"replies":[{"embeddable":true,"href":"https:\/\/rvoirol.synology.me\/wordpress\/wp-json\/wp\/v2\/comments?post=11"}],"version-history":[{"count":6,"href":"https:\/\/rvoirol.synology.me\/wordpress\/wp-json\/wp\/v2\/pages\/11\/revisions"}],"predecessor-version":[{"id":36,"href":"https:\/\/rvoirol.synology.me\/wordpress\/wp-json\/wp\/v2\/pages\/11\/revisions\/36"}],"wp:attachment":[{"href":"https:\/\/rvoirol.synology.me\/wordpress\/wp-json\/wp\/v2\/media?parent=11"}],"curies":[{"name":"wp","href":"https:\/\/api.w.org\/{rel}","templated":true}]}}